{"id":7,"date":"2013-02-20T21:26:34","date_gmt":"2013-02-20T20:26:34","guid":{"rendered":"http:\/\/www.carolineramberg.se\/?page_id=7"},"modified":"2023-02-09T17:02:09","modified_gmt":"2023-02-09T16:02:09","slug":"kontakt-cv","status":"publish","type":"page","link":"https:\/\/www.carolineramberg.se\/?page_id=7","title":{"rendered":"KONTAKT &#038; CV"},"content":{"rendered":"<p><strong>Caroline Ramberg<\/strong><br \/>\nStudio Bergsgatan 33<br \/>\nBergsgatan 33<br \/>\n112 28 Stockholm<\/p>\n<p>0707 53 42 69<br \/>\n<a href=\"mailto:caroline.ramberg@telia.com\">caroline.ramberg@telia.com<\/a><br \/>\nwww.carolineramberg.se<\/p>\n<h2>cv<\/h2>\n<p><strong>Utbildning:<\/strong><br \/>\nBeckmans designh\u00f6gskola, Formlinjen 1992\u20131995<br \/>\nCapellag\u00e5rden, sommar 1992<br \/>\nId\u00e9historia 20 p Stockholms universitet ht 1991<br \/>\nKonsthistoria 40 p Uppsala universitet 1989\u20131990<br \/>\nNyckelviksskolan 1988\u20131989<br \/>\nKonstskolan Basis 1987\u20131988<\/p>\n<p><strong>Utst\u00e4llningar:<\/strong><br \/>\nGula Byggningen, Gustavsberg april\u2013juni 2005<br \/>\nGalleri \u201dLoft\u201d, sep 2005<br \/>\nM\u00f6belm\u00e4ssa i \u00c4lvsj\u00f6, textil f\u00f6r Kinnasand 2004<br \/>\nLe Centre Culturel Suedois de Paris, \u201dAngles Suedois\u201d nov 2000<br \/>\n\u201dBiennale International du design 2000\u201d, Saint-\u00c9tienne, Frankrike okt 2000<br \/>\nFormexm\u00e4ssan \u00c4lvsj\u00f6, \u201dFormbyr\u00e5 4 kollektion\u201d sep 1999<br \/>\nM\u00e4ssa Addis Abeba, Etiopien, \u201dBeckman design collection\u201d 1998<br \/>\nNationalmuseeum \u201dBeckman design collection\u201d, ing\u00e5r i museets samlingar, \u201dSatsbord 1\u20092\u20093\u201d 1997<\/p>\n<p><strong>Uppdragsgivare\/kunder:<\/strong><br \/>\nDesigntorget: diskst\u00e4ll \u201dSpiral\u201d; mugg, fat, sk\u00e5l \u201dLissy\u201d; fat\/bricka rostfritt st\u00e5l<br \/>\nAlmedahls: textil \u201dBalcon\u201d<br \/>\nKinnasand: textil 1997\u20132007<br \/>\nNorrgavel: keramik 2000\u20132006<br \/>\nRosendals Tr\u00e4dg\u00e5rd: keramik 2000\u20132006<br \/>\nR.O.O.M: produktformgivning och projektansvarig f\u00f6r \u201dBeckman design collection\u201d 1996\u20131997<br \/>\nJonas Bohlin Arkitektkontor: ombyggnad av restaurang Sturehof 1995\u20131996<br \/>\nBadrummet: dekorat\u00f6r 1994\u20132006<\/p>\n<p>Grundare och medlem av designgruppen \u201dFormbyr\u00e5 4\u201d: 1997\u20132003<br \/>\nUppdragsgivare\/kunder: IKEA, Svenskt Tenn, Inredningsbyr\u00e5n, Restaurang Dep\u00e5 m fl.<\/p>\n<p>Medlem av Atelj\u00e9f\u00f6reningen G-studion, Gustavsberg: 2001\u20132007<\/p>\n<p><strong>Utm\u00e4rkelser\/Stipendier:<\/strong><br \/>\nUtm\u00e4rkt Svensk Form, textil kollektion f\u00f6r Kinnasand 1998<br \/>\nKonstn\u00e4rsn\u00e4mnden, projektbidrag 2000<br \/>\nEstrid Ericson Stiftelse, 2000<br \/>\nEstrid Ericson Stiftelse, 1998<\/p>\n<h2>STUDIO\/SHOWROOM<\/h2>\n<p>Bergsgatan 33, Stockholm<\/p>\n","protected":false},"excerpt":{"rendered":"<p>Caroline Ramberg Studio Bergsgatan 33 Bergsgatan 33 112 28 Stockholm 0707 53 42 69 caroline.ramberg@telia.com www.carolineramberg.se cv Utbildning: Beckmans designh\u00f6gskola, Formlinjen 1992\u20131995 Capellag\u00e5rden, sommar 1992 Id\u00e9historia 20 p Stockholms universitet ht 1991 Konsthistoria 40 p Uppsala universitet 1989\u20131990 Nyckelviksskolan 1988\u20131989 Konstskolan Basis 1987\u20131988 Utst\u00e4llningar: Gula Byggningen, Gustavsberg april\u2013juni 2005 Galleri \u201dLoft\u201d, sep 2005 M\u00f6belm\u00e4ssa i [&hellip;]<\/p>\n","protected":false},"author":1,"featured_media":0,"parent":0,"menu_order":0,"comment_status":"closed","ping_status":"open","template":"","meta":{"ngg_post_thumbnail":0},"_links":{"self":[{"href":"https:\/\/www.carolineramberg.se\/index.php?rest_route=\/wp\/v2\/pages\/7"}],"collection":[{"href":"https:\/\/www.carolineramberg.se\/index.php?rest_route=\/wp\/v2\/pages"}],"about":[{"href":"https:\/\/www.carolineramberg.se\/index.php?rest_route=\/wp\/v2\/types\/page"}],"author":[{"embeddable":true,"href":"https:\/\/www.carolineramberg.se\/index.php?rest_route=\/wp\/v2\/users\/1"}],"replies":[{"embeddable":true,"href":"https:\/\/www.carolineramberg.se\/index.php?rest_route=%2Fwp%2Fv2%2Fcomments&post=7"}],"version-history":[{"count":12,"href":"https:\/\/www.carolineramberg.se\/index.php?rest_route=\/wp\/v2\/pages\/7\/revisions"}],"predecessor-version":[{"id":74,"href":"https:\/\/www.carolineramberg.se\/index.php?rest_route=\/wp\/v2\/pages\/7\/revisions\/74"}],"wp:attachment":[{"href":"https:\/\/www.carolineramberg.se\/index.php?rest_route=%2Fwp%2Fv2%2Fmedia&parent=7"}],"curies":[{"name":"wp","href":"https:\/\/api.w.org\/{rel}","templated":true}]}}